{"id":134,"date":"2021-09-09T14:39:25","date_gmt":"2021-09-09T14:39:25","guid":{"rendered":"https:\/\/bozyaylaholding.com\/?page_id=134"},"modified":"2024-10-10T10:40:15","modified_gmt":"2024-10-10T10:40:15","slug":"hakkimizda","status":"publish","type":"page","link":"https:\/\/bozyaylaholding.com\/index.php\/hakkimizda\/","title":{"rendered":"Hakk\u0131m\u0131zda"},"content":{"rendered":"\n<p class=\"has-text-align-center\" style=\"font-size:24px\"><strong><span class=\"has-inline-color has-vivid-red-color\">BOZYAYLA HOLD\u0130NG ANON\u0130M \u015e\u0130RKET\u0130<\/span><\/strong><\/p>\n\n\n\n<hr class=\"wp-block-separator\"\/>\n\n\n\n<p class=\"has-text-align-center\"><span class=\"has-inline-color has-black-color\">2015 Y\u0131l\u0131ndan Bu yana Uluslararas\u0131 Piyasalarda ve Temsil etti\u011fi \u00dclkemizde \u00e7e\u015fitli Finans Piyasalar\u0131 Sekt\u00f6r\u00fcnde Faaliyet G\u00f6stermektedir. Hedefledi\u011fi y\u00fcksek kar ve rezervlerini Alt\u0131n ve T\u00fcrevleri olan Comex ile trade etmektedir<a href=\"https:\/\/www.bozyaylaholding.com\/hakkimizda\">.<\/a><\/span><\/p>\n\n\n\n<hr class=\"wp-block-separator\"\/>\n\n\n\n<p><\/p>\n","protected":false},"excerpt":{"rendered":"<p>BOZYAYLA HOLD\u0130NG ANON\u0130M \u015e\u0130RKET\u0130 2015 Y\u0131l\u0131ndan Bu yana Uluslararas\u0131 Piyasalarda ve Temsil etti\u011fi \u00dclkemizde \u00e7e\u015fitli Finans Piyasalar\u0131 Sekt\u00f6r\u00fcn<\/p>\n","protected":false},"author":1,"featured_media":0,"parent":0,"menu_order":0,"comment_status":"closed","ping_status":"closed","template":"","meta":{"footnotes":""},"class_list":["post-134","page","type-page","status-publish","hentry"],"jetpack_sharing_enabled":true,"_links":{"self":[{"href":"https:\/\/bozyaylaholding.com\/index.php\/wp-json\/wp\/v2\/pages\/134","targetHints":{"allow":["GET"]}}],"collection":[{"href":"https:\/\/bozyaylaholding.com\/index.php\/wp-json\/wp\/v2\/pages"}],"about":[{"href":"https:\/\/bozyaylaholding.com\/index.php\/wp-json\/wp\/v2\/types\/page"}],"author":[{"embeddable":true,"href":"https:\/\/bozyaylaholding.com\/index.php\/wp-json\/wp\/v2\/users\/1"}],"replies":[{"embeddable":true,"href":"https:\/\/bozyaylaholding.com\/index.php\/wp-json\/wp\/v2\/comments?post=134"}],"version-history":[{"count":7,"href":"https:\/\/bozyaylaholding.com\/index.php\/wp-json\/wp\/v2\/pages\/134\/revisions"}],"predecessor-version":[{"id":629,"href":"https:\/\/bozyaylaholding.com\/index.php\/wp-json\/wp\/v2\/pages\/134\/revisions\/629"}],"wp:attachment":[{"href":"https:\/\/bozyaylaholding.com\/index.php\/wp-json\/wp\/v2\/media?parent=134"}],"curies":[{"name":"wp","href":"https:\/\/api.w.org\/{rel}","templated":true}]}}