{"id":617,"date":"2024-10-10T10:26:54","date_gmt":"2024-10-10T10:26:54","guid":{"rendered":"https:\/\/bozyaylaholding.com\/?page_id=617"},"modified":"2024-10-10T10:57:09","modified_gmt":"2024-10-10T10:57:09","slug":"finans","status":"publish","type":"page","link":"https:\/\/bozyaylaholding.com\/index.php\/finans\/","title":{"rendered":"Finans"},"content":{"rendered":"\n<p class=\"has-text-align-center\"><strong><span class=\"has-inline-color has-vivid-red-color\">F\u0130NANS<\/span><\/strong><\/p>\n\n\n\n<p class=\"has-text-align-center\"><span class=\"has-inline-color has-black-color\">2015 Y\u0131l\u0131nda G\u00fcmr\u00fck ve Ticaret bakanl\u0131\u011f\u0131n\u0131n izni ile kur<\/span><mark style=\"background-color:rgba(0, 0, 0, 0)\" class=\"has-inline-color has-black-color\">ulmu\u015f finans sekt\u00f6r\u00fcnde faaliyet g\u00f6steren \u015firketimiz uluslararas\u0131 piyasalarda etkinli\u011fini artt\u0131r\u0131yor.<\/mark><\/p>\n","protected":false},"excerpt":{"rendered":"<p>F\u0130NANS 2015 Y\u0131l\u0131nda G\u00fcmr\u00fck ve Ticaret bakanl\u0131\u011f\u0131n\u0131n izni ile kurulmu\u015f finans sekt\u00f6r\u00fcnde faaliyet g\u00f6steren \u015firketimiz uluslararas\u0131 piyasalarda<\/p>\n","protected":false},"author":1,"featured_media":0,"parent":0,"menu_order":0,"comment_status":"closed","ping_status":"closed","template":"","meta":{"footnotes":""},"class_list":["post-617","page","type-page","status-publish","hentry"],"jetpack_sharing_enabled":true,"_links":{"self":[{"href":"https:\/\/bozyaylaholding.com\/index.php\/wp-json\/wp\/v2\/pages\/617","targetHints":{"allow":["GET"]}}],"collection":[{"href":"https:\/\/bozyaylaholding.com\/index.php\/wp-json\/wp\/v2\/pages"}],"about":[{"href":"https:\/\/bozyaylaholding.com\/index.php\/wp-json\/wp\/v2\/types\/page"}],"author":[{"embeddable":true,"href":"https:\/\/bozyaylaholding.com\/index.php\/wp-json\/wp\/v2\/users\/1"}],"replies":[{"embeddable":true,"href":"https:\/\/bozyaylaholding.com\/index.php\/wp-json\/wp\/v2\/comments?post=617"}],"version-history":[{"count":4,"href":"https:\/\/bozyaylaholding.com\/index.php\/wp-json\/wp\/v2\/pages\/617\/revisions"}],"predecessor-version":[{"id":636,"href":"https:\/\/bozyaylaholding.com\/index.php\/wp-json\/wp\/v2\/pages\/617\/revisions\/636"}],"wp:attachment":[{"href":"https:\/\/bozyaylaholding.com\/index.php\/wp-json\/wp\/v2\/media?parent=617"}],"curies":[{"name":"wp","href":"https:\/\/api.w.org\/{rel}","templated":true}]}}