{"id":706,"date":"2024-11-07T12:18:20","date_gmt":"2024-11-07T12:18:20","guid":{"rendered":"https:\/\/bozyaylaholding.com\/?page_id=706"},"modified":"2024-11-10T16:15:59","modified_gmt":"2024-11-10T16:15:59","slug":"istanbul-macunu","status":"publish","type":"page","link":"https:\/\/bozyaylaholding.com\/index.php\/istanbul-macunu\/","title":{"rendered":"\u0130stanbul Macunu"},"content":{"rendered":"\n<p><mark style=\"background-color:rgba(0, 0, 0, 0)\" class=\"has-inline-color has-black-color\">&#8220;\u0130stanbul Macunu&#8221; \u0130\u00e7eri\u011finde bulunan %25 oran\u0131nda &#8220;Bozyayla do\u011fal \u00e7i\u00e7ek bal\u0131&#8221; ile \u00fcr\u00fcn\u00fcn bozulmas\u0131na engel olur. do\u011fal ve katk\u0131s\u0131z ger\u00e7ek\u00a0bal ise \u00e7\u00f6rekotu ya\u011f\u0131n\u0131n ac\u0131 tad\u0131n\u0131 alarak sofralar\u0131n\u0131zda kolayca t\u00fcketmenizi sa\u011flamaktad\u0131r.<\/mark><\/p>\n\n\n\n<p><mark style=\"background-color:rgba(0, 0, 0, 0)\" class=\"has-inline-color has-black-color\">do\u011fal ve katk\u0131s\u0131z olarak i\u00e7eri\u011finde\u00a0<\/mark><\/p>\n\n\n\n<p><mark style=\"background-color:rgba(0, 0, 0, 0)\" class=\"has-inline-color has-black-color\">%49 tahin<\/mark><\/p>\n\n\n\n<p><mark style=\"background-color:rgba(0, 0, 0, 0)\" class=\"has-inline-color has-black-color\">%25 cevizi\u00e7i<\/mark><\/p>\n\n\n\n<p><mark style=\"background-color:rgba(0, 0, 0, 0)\" class=\"has-inline-color has-black-color\">%25 bozyaya do\u011fal \u00e7i\u00e7ek bal\u0131<\/mark><\/p>\n\n\n\n<p><mark style=\"background-color:rgba(0, 0, 0, 0)\" class=\"has-inline-color has-black-color\">%1 \u00e7\u00f6rekotuya\u011f\u0131 ve tar\u00e7\u0131n<\/mark><\/p>\n\n\n\n<p><mark style=\"background-color:rgba(0, 0, 0, 0)\" class=\"has-inline-color has-black-color\">bulunmaktad\u0131r. do\u011fal \u015fifa kayna\u011f\u0131 olan \u00e7\u00f6rekotu ihtiva etmesi\u00a0sa\u011fl\u0131\u011f\u0131n\u0131za olumu etki katarak b\u00fcnyenizi sa\u011flam tutar. katk\u0131s\u0131z ve do\u011fald\u0131r. ilave \u00fcr\u00fcn i\u00e7ermez koruyucu i\u00e7ermez. ger\u00e7ek baldan yap\u0131ld\u0131\u011f\u0131 i\u00e7in bozulmaz a\u011fz\u0131 kapal\u0131 tutulduktan sonra raf \u00f6mr\u00fc yoktur!\u00a0<\/mark><\/p>\n\n\n\n<p><\/p>\n","protected":false},"excerpt":{"rendered":"<p>&#8220;\u0130stanbul Macunu&#8221; \u0130\u00e7eri\u011finde bulunan %25 oran\u0131nda &#8220;Bozyayla do\u011fal \u00e7i\u00e7ek bal\u0131&#8221; ile \u00fcr\u00fcn\u00fcn bozulmas\u0131na engel olur. do\u011fa<\/p>\n","protected":false},"author":1,"featured_media":0,"parent":0,"menu_order":0,"comment_status":"closed","ping_status":"closed","template":"","meta":{"footnotes":""},"class_list":["post-706","page","type-page","status-publish","hentry"],"jetpack_sharing_enabled":true,"_links":{"self":[{"href":"https:\/\/bozyaylaholding.com\/index.php\/wp-json\/wp\/v2\/pages\/706","targetHints":{"allow":["GET"]}}],"collection":[{"href":"https:\/\/bozyaylaholding.com\/index.php\/wp-json\/wp\/v2\/pages"}],"about":[{"href":"https:\/\/bozyaylaholding.com\/index.php\/wp-json\/wp\/v2\/types\/page"}],"author":[{"embeddable":true,"href":"https:\/\/bozyaylaholding.com\/index.php\/wp-json\/wp\/v2\/users\/1"}],"replies":[{"embeddable":true,"href":"https:\/\/bozyaylaholding.com\/index.php\/wp-json\/wp\/v2\/comments?post=706"}],"version-history":[{"count":4,"href":"https:\/\/bozyaylaholding.com\/index.php\/wp-json\/wp\/v2\/pages\/706\/revisions"}],"predecessor-version":[{"id":794,"href":"https:\/\/bozyaylaholding.com\/index.php\/wp-json\/wp\/v2\/pages\/706\/revisions\/794"}],"wp:attachment":[{"href":"https:\/\/bozyaylaholding.com\/index.php\/wp-json\/wp\/v2\/media?parent=706"}],"curies":[{"name":"wp","href":"https:\/\/api.w.org\/{rel}","templated":true}]}}