{"id":802,"date":"2024-12-02T13:02:14","date_gmt":"2024-12-02T13:02:14","guid":{"rendered":"https:\/\/bozyaylaholding.com\/?page_id=802"},"modified":"2024-12-13T10:26:43","modified_gmt":"2024-12-13T10:26:43","slug":"santorini-zeytinyagi","status":"publish","type":"page","link":"https:\/\/bozyaylaholding.com\/index.php\/santorini-zeytinyagi\/","title":{"rendered":"Santorini zeytinya\u011f\u0131"},"content":{"rendered":"\n<p>&#8220;Arad\u0131\u011f\u0131m zeytin ya\u011f\u0131n\u0131 birt\u00fcrl\u00fc bulam\u0131yorum&#8221; diyenler, dikkat! G\u0131da hilekarlar\u0131 en \u00e7ok zeytin ya\u011f\u0131 ile oynuyor. i\u00e7ine daha farkl\u0131 ve ucuz ya\u011flar kar\u0131\u015ft\u0131rarak hile ve ta\u011f\u015fi\u015f ile vatanda\u015f\u0131n sa\u011fl\u0131\u011f\u0131 ile oynamaktad\u0131rlar. zeytinya\u011f\u0131 konusundaki bilgi ve tecr\u00fcbelerimiz ile siz de\u011ferli t\u00fcketicilerimize payla\u015f\u0131p  zeytinya\u011f\u0131ndaki hile ve ta\u011f\u015fi\u015fin \u00f6n\u00fcne ge\u00e7meyi hedefliyoruz. t\u00fcketici bilinci a\u015f\u0131lanmas\u0131 i\u00e7in hakiki zeytinya\u011f\u0131n\u0131n olmazsa olmaz 4 p\u00fcf noktas\u0131&#8230;<\/p>\n\n\n\n<p>Renk, mutlaka beyaz renk olan porsenele d\u00f6kmeniz g\u00f6z a\u015finas\u0131 olman\u0131z\u0131 sa\u011flar. zeytinya\u011f\u0131 ile hasatta farkl\u0131 renklerde olsada zaman i\u00e7inde alt\u0131n satr\u0131s\u0131 bir renge d\u00f6n\u00fc\u015fecektir. s\u00fcrekli ye\u015fil veya turuncu renkte kalmaz. uygun ortamda renk alt\u0131n rengine d\u00f6n\u00fc\u015fecektir. ancak hilekarlar\u0131n ba\u015fvurdu\u011fu taktikler bu k\u0131stas\u0131 bile ekarte edebilir. <\/p>\n\n\n\n<p>Renk sizi ikna etmedi ise tad\u0131 ve kokusu daha belirleyici olabilir. imkan varsa denemek kesin \u00e7\u00f6z\u00fcm.<\/p>\n\n\n\n<p>ger\u00e7ek zeytin ya\u011f\u0131n\u0131 tatt\u0131\u011f\u0131n\u0131z zaman ; geniz bo\u011faz k\u0131sma\u0131nda hafif bir yak\u0131c\u0131l\u0131k hissediliyor ve taze zeytin kokusu gelmesi gerekmektedir. Bu en \u00f6nemli k\u0131stas taze zeytin kokusu olmas\u0131. koku gitmi\u015f ise anla\u015f\u0131lmaz ve ta\u011f\u015fi\u015f veya hile maruz kal\u0131nd\u0131\u011f\u0131 anla\u015f\u0131labilir. Santorini zeytin ya\u011f\u0131nda taze zeytin kokusu yoksa \u00fcr\u00fcn\u00fc aynen ald\u0131\u011f\u0131n\u0131z gibi iade edebilirsiniz. hatta hile ta\u011f\u015fi\u015fi kan\u0131tlaman\u0131z halinde 100.000TL tazminat \u00f6demeyi garanti ve taahh\u00fct ediyoruz. Ancak bunun i\u00e7in bir sonraki sipari\u015finizin kargo ile birlikte noter huzurunda a\u00e7\u0131lmas\u0131 gerekmektedir. hile ta\u011f\u015fi\u015f yapacak firmalar genellikle mal varl\u0131\u011f\u0131 olmayan merdiven alt\u0131 firmalard\u0131r. bu sebeble tar\u0131m ve orman bakanl\u0131\u011f\u0131n\u0131n denetim ve cezai i\u015flemlerine maruz kalmadan hile ve ta\u011f\u015fi\u015fe devam etmektedirler. <\/p>\n\n\n\n<p><\/p>\n","protected":false},"excerpt":{"rendered":"<p>&#8220;Arad\u0131\u011f\u0131m zeytin ya\u011f\u0131n\u0131 birt\u00fcrl\u00fc bulam\u0131yorum&#8221; diyenler, dikkat! G\u0131da hilekarlar\u0131 en \u00e7ok zeytin ya\u011f\u0131 ile oynuyor. i\u00e7ine daha fark<\/p>\n","protected":false},"author":1,"featured_media":0,"parent":0,"menu_order":0,"comment_status":"closed","ping_status":"closed","template":"","meta":{"footnotes":""},"class_list":["post-802","page","type-page","status-publish","hentry"],"jetpack_sharing_enabled":true,"_links":{"self":[{"href":"https:\/\/bozyaylaholding.com\/index.php\/wp-json\/wp\/v2\/pages\/802","targetHints":{"allow":["GET"]}}],"collection":[{"href":"https:\/\/bozyaylaholding.com\/index.php\/wp-json\/wp\/v2\/pages"}],"about":[{"href":"https:\/\/bozyaylaholding.com\/index.php\/wp-json\/wp\/v2\/types\/page"}],"author":[{"embeddable":true,"href":"https:\/\/bozyaylaholding.com\/index.php\/wp-json\/wp\/v2\/users\/1"}],"replies":[{"embeddable":true,"href":"https:\/\/bozyaylaholding.com\/index.php\/wp-json\/wp\/v2\/comments?post=802"}],"version-history":[{"count":7,"href":"https:\/\/bozyaylaholding.com\/index.php\/wp-json\/wp\/v2\/pages\/802\/revisions"}],"predecessor-version":[{"id":828,"href":"https:\/\/bozyaylaholding.com\/index.php\/wp-json\/wp\/v2\/pages\/802\/revisions\/828"}],"wp:attachment":[{"href":"https:\/\/bozyaylaholding.com\/index.php\/wp-json\/wp\/v2\/media?parent=802"}],"curies":[{"name":"wp","href":"https:\/\/api.w.org\/{rel}","templated":true}]}}